{"id":66,"date":"2018-10-14T22:16:51","date_gmt":"2018-10-14T22:16:51","guid":{"rendered":"https:\/\/cumbespirits.com\/?page_id=66"},"modified":"2025-10-08T11:04:49","modified_gmt":"2025-10-08T11:04:49","slug":"our-story","status":"publish","type":"page","link":"https:\/\/cumbespirits.com\/es\/our-story\/","title":{"rendered":"Cultura del Guaro"},"content":{"rendered":"<p>En Colombia, el Aguardiente es m\u00e1s que un trago es un unificador, es <strong>PASI\u00d3N<\/strong>, es una tradici\u00f3n que le da sabor a cada celebraci\u00f3n en nuestras vidas. De j\u00f3venes lo tom\u00e1bamos de bajo de la mesa pretendiendo ser grandes, ahora como adultos encontramos la forma de honrarlo y sofisticarlo.<\/p>\n","protected":false},"excerpt":{"rendered":"<p>En Colombia, el Aguardiente es m\u00e1s que un trago es un unificador, es PASI\u00d3N, es una tradici\u00f3n que le da sabor a cada celebraci\u00f3n en nuestras vidas. De j\u00f3venes lo tom\u00e1bamos de bajo de la mesa pretendiendo ser grandes, ahora como adultos encontramos la forma de honrarlo y sofisticarlo.<\/p>\n","protected":false},"author":1,"featured_media":0,"parent":0,"menu_order":0,"comment_status":"closed","ping_status":"closed","template":"","meta":{"footnotes":""},"yoast_head":"<!-- This site is optimized with the Yoast SEO plugin v21.4 - https:\/\/yoast.com\/wordpress\/plugins\/seo\/ -->\n<title>Premium Aguardiente Handcrafted in Colombia | Our Story | Cumbe Spirits<\/title>\n<meta name=\"description\" content=\"Cumb\u00e9 Premium Aguardiente brings a fresh vibe to the GUARO culture, refining its take on the popular Colombian spirit of festivity and tradition.\" \/>\n<meta name=\"robots\" content=\"index, follow, max-snippet:-1, max-image-preview:large, max-video-preview:-1\" \/>\n<link rel=\"canonical\" href=\"https:\/\/cumbespirits.com\/our-story\/\" \/>\n<meta property=\"og:locale\" content=\"es_ES\" \/>\n<meta property=\"og:type\" content=\"article\" \/>\n<meta property=\"og:title\" content=\"Premium Aguardiente Handcrafted in Colombia | Our Story | Cumbe Spirits\" \/>\n<meta property=\"og:description\" content=\"Cumb\u00e9 Premium Aguardiente brings a fresh vibe to the GUARO culture, refining its take on the popular Colombian spirit of festivity and tradition.\" \/>\n<meta property=\"og:url\" content=\"https:\/\/cumbespirits.com\/our-story\/\" \/>\n<meta property=\"og:site_name\" content=\"Cumb\u00e9 Premium Aguardiente\" \/>\n<meta property=\"article:modified_time\" content=\"2025-10-08T11:04:49+00:00\" \/>\n<meta property=\"og:image\" content=\"https:\/\/cumbespirits.com\/wp-content\/uploads\/2019\/03\/PEQ_CUMBE-09-DSCF8077-ENT02-e1553527003446.jpg\" \/>\n\t<meta property=\"og:image:width\" content=\"556\" \/>\n\t<meta property=\"og:image:height\" content=\"550\" \/>\n\t<meta property=\"og:image:type\" content=\"image\/jpeg\" \/>\n<meta name=\"twitter:card\" content=\"summary_large_image\" \/>\n<meta name=\"twitter:title\" content=\"Premium Aguardiente Handcrafted in Colombia | Our Story | Cumbe Spirits\" \/>\n<meta name=\"twitter:description\" content=\"Cumb\u00e9 Premium Aguardiente brings a fresh vibe to the GUARO culture, refining its take on the popular Colombian spirit of festivity and tradition.\" \/>\n<meta name=\"twitter:image\" content=\"https:\/\/cumbespirits.com\/wp-content\/uploads\/2019\/03\/PEQ_CUMBE-09-DSCF8077-ENT02-e1553527003446.jpg\" \/>\n<script type=\"application\/ld+json\" class=\"yoast-schema-graph\">{\"@context\":\"https:\/\/schema.org\",\"@graph\":[{\"@type\":\"WebPage\",\"@id\":\"https:\/\/cumbespirits.com\/our-story\/\",\"url\":\"https:\/\/cumbespirits.com\/our-story\/\",\"name\":\"Premium Aguardiente Handcrafted in Colombia | Our Story | Cumbe Spirits\",\"isPartOf\":{\"@id\":\"https:\/\/cumbespirits.com\/#website\"},\"datePublished\":\"2018-10-14T22:16:51+00:00\",\"dateModified\":\"2025-10-08T11:04:49+00:00\",\"description\":\"Cumb\u00e9 Premium Aguardiente brings a fresh vibe to the GUARO culture, refining its take on the popular Colombian spirit of festivity and tradition.\",\"breadcrumb\":{\"@id\":\"https:\/\/cumbespirits.com\/our-story\/#breadcrumb\"},\"inLanguage\":\"es-ES\",\"potentialAction\":[{\"@type\":\"ReadAction\",\"target\":[\"https:\/\/cumbespirits.com\/our-story\/\"]}]},{\"@type\":\"BreadcrumbList\",\"@id\":\"https:\/\/cumbespirits.com\/our-story\/#breadcrumb\",\"itemListElement\":[{\"@type\":\"ListItem\",\"position\":1,\"name\":\"Home\",\"item\":\"https:\/\/cumbespirits.com\/\"},{\"@type\":\"ListItem\",\"position\":2,\"name\":\"Our Story\"}]},{\"@type\":\"WebSite\",\"@id\":\"https:\/\/cumbespirits.com\/#website\",\"url\":\"https:\/\/cumbespirits.com\/\",\"name\":\"Cumb\u00e9 Premium Aguardiente\",\"description\":\"Let's Cumb\u00e9!\",\"potentialAction\":[{\"@type\":\"SearchAction\",\"target\":{\"@type\":\"EntryPoint\",\"urlTemplate\":\"https:\/\/cumbespirits.com\/?s={search_term_string}\"},\"query-input\":\"required name=search_term_string\"}],\"inLanguage\":\"es-ES\"}]}<\/script>\n<!-- \/ Yoast SEO plugin. -->","yoast_head_json":{"title":"Premium Aguardiente Handcrafted in Colombia | Our Story | Cumbe Spirits","description":"Cumb\u00e9 Premium Aguardiente brings a fresh vibe to the GUARO culture, refining its take on the popular Colombian spirit of festivity and tradition.","robots":{"index":"index","follow":"follow","max-snippet":"max-snippet:-1","max-image-preview":"max-image-preview:large","max-video-preview":"max-video-preview:-1"},"canonical":"https:\/\/cumbespirits.com\/our-story\/","og_locale":"es_ES","og_type":"article","og_title":"Premium Aguardiente Handcrafted in Colombia | Our Story | Cumbe Spirits","og_description":"Cumb\u00e9 Premium Aguardiente brings a fresh vibe to the GUARO culture, refining its take on the popular Colombian spirit of festivity and tradition.","og_url":"https:\/\/cumbespirits.com\/our-story\/","og_site_name":"Cumb\u00e9 Premium Aguardiente","article_modified_time":"2025-10-08T11:04:49+00:00","og_image":[{"width":556,"height":550,"url":"https:\/\/cumbespirits.com\/wp-content\/uploads\/2019\/03\/PEQ_CUMBE-09-DSCF8077-ENT02-e1553527003446.jpg","type":"image\/jpeg"}],"twitter_card":"summary_large_image","twitter_title":"Premium Aguardiente Handcrafted in Colombia | Our Story | Cumbe Spirits","twitter_description":"Cumb\u00e9 Premium Aguardiente brings a fresh vibe to the GUARO culture, refining its take on the popular Colombian spirit of festivity and tradition.","twitter_image":"https:\/\/cumbespirits.com\/wp-content\/uploads\/2019\/03\/PEQ_CUMBE-09-DSCF8077-ENT02-e1553527003446.jpg","schema":{"@context":"https:\/\/schema.org","@graph":[{"@type":"WebPage","@id":"https:\/\/cumbespirits.com\/our-story\/","url":"https:\/\/cumbespirits.com\/our-story\/","name":"Premium Aguardiente Handcrafted in Colombia | Our Story | Cumbe Spirits","isPartOf":{"@id":"https:\/\/cumbespirits.com\/#website"},"datePublished":"2018-10-14T22:16:51+00:00","dateModified":"2025-10-08T11:04:49+00:00","description":"Cumb\u00e9 Premium Aguardiente brings a fresh vibe to the GUARO culture, refining its take on the popular Colombian spirit of festivity and tradition.","breadcrumb":{"@id":"https:\/\/cumbespirits.com\/our-story\/#breadcrumb"},"inLanguage":"es-ES","potentialAction":[{"@type":"ReadAction","target":["https:\/\/cumbespirits.com\/our-story\/"]}]},{"@type":"BreadcrumbList","@id":"https:\/\/cumbespirits.com\/our-story\/#breadcrumb","itemListElement":[{"@type":"ListItem","position":1,"name":"Home","item":"https:\/\/cumbespirits.com\/"},{"@type":"ListItem","position":2,"name":"Our Story"}]},{"@type":"WebSite","@id":"https:\/\/cumbespirits.com\/#website","url":"https:\/\/cumbespirits.com\/","name":"Cumb\u00e9 Premium Aguardiente","description":"Let's Cumb\u00e9!","potentialAction":[{"@type":"SearchAction","target":{"@type":"EntryPoint","urlTemplate":"https:\/\/cumbespirits.com\/?s={search_term_string}"},"query-input":"required name=search_term_string"}],"inLanguage":"es-ES"}]}},"_links":{"self":[{"href":"https:\/\/cumbespirits.com\/es\/wp-json\/wp\/v2\/pages\/66"}],"collection":[{"href":"https:\/\/cumbespirits.com\/es\/wp-json\/wp\/v2\/pages"}],"about":[{"href":"https:\/\/cumbespirits.com\/es\/wp-json\/wp\/v2\/types\/page"}],"author":[{"embeddable":true,"href":"https:\/\/cumbespirits.com\/es\/wp-json\/wp\/v2\/users\/1"}],"replies":[{"embeddable":true,"href":"https:\/\/cumbespirits.com\/es\/wp-json\/wp\/v2\/comments?post=66"}],"version-history":[{"count":9,"href":"https:\/\/cumbespirits.com\/es\/wp-json\/wp\/v2\/pages\/66\/revisions"}],"predecessor-version":[{"id":10102,"href":"https:\/\/cumbespirits.com\/es\/wp-json\/wp\/v2\/pages\/66\/revisions\/10102"}],"wp:attachment":[{"href":"https:\/\/cumbespirits.com\/es\/wp-json\/wp\/v2\/media?parent=66"}],"curies":[{"name":"wp","href":"https:\/\/api.w.org\/{rel}","templated":true}]}}